{"id":7520,"date":"2026-05-08T10:00:53","date_gmt":"2026-05-08T10:00:53","guid":{"rendered":"https:\/\/bralliance.eu\/?page_id=7520"},"modified":"2026-05-08T10:03:51","modified_gmt":"2026-05-08T10:03:51","slug":"darbo-pasiulymai","status":"publish","type":"page","link":"https:\/\/bralliance.eu\/lt\/darbo-pasiulymai\/","title":{"rendered":"DARBO PASI\u016aLYMAI"},"content":{"rendered":"<div class=\"wpb-content-wrapper\"><div data-vc-full-width=\"true\" data-vc-full-width-temp=\"true\" data-vc-full-width-init=\"false\" class=\"vc_row wpb_row vc_row-fluid vc_custom_1767997863320 vc_row-has-fill\"><div class=\"wpb_column vc_column_container vc_col-sm-6\"><div class=\"vc_column-inner\"><div class=\"wpb_wrapper\"><div class=\"vc_empty_space\"   style=\"height: 32px\"><span class=\"vc_empty_space_inner\"><\/span><\/div><\/div><\/div><\/div><div class=\"wpb_column vc_column_container vc_col-sm-6\"><div class=\"vc_column-inner\"><div class=\"wpb_wrapper\"><div class=\"stm-spacing\" id=\"stm-spacing-69feb7f1e0690\"><\/div>\n<script>\n    (function($){\n        \"use strict\";\n        var spacingID = 'stm-spacing-69feb7f1e0690',\n            lgSpacing = '10',\n            mdSpacing = '10',\n            smSpacing = '10',\n            xsSpacing = '10';\n\n        function stmSpacing() {\n            if ( window.matchMedia(\"(min-width: 1200px)\").matches && lgSpacing ) {\n                $( '#' + spacingID ).css ( \"height\", lgSpacing );\n            } else if ( window.matchMedia(\"(max-width: 1199px) and (min-width: 992px )\").matches && mdSpacing ) {\n                $( '#' + spacingID ).css ( \"height\", mdSpacing );\n            } else if ( window.matchMedia(\"(max-width: 991px) and (min-width: 768px )\").matches && smSpacing ) {\n                $( '#' + spacingID ).css ( \"height\", smSpacing );\n            } else if ( window.matchMedia(\"(max-width: 767px)\").matches && xsSpacing ) {\n                $( '#' + spacingID ).css ( \"height\", xsSpacing );\n            } else {\n                $( '#' + spacingID ).css ( \"height\", \"\" );\n            }\n        }\n\n        $(document).ready(function() {\n            stmSpacing();\n        });\n\n        $(window).resize(function() {\n            stmSpacing();\n        });\n\n    })(jQuery);\n<\/script><\/div><\/div><\/div><\/div><div class=\"vc_row-full-width vc_clearfix\"><\/div><div class=\"vc_row wpb_row vc_row-fluid\"><div class=\"wpb_column vc_column_container vc_col-sm-12\"><div class=\"vc_column-inner\"><div class=\"wpb_wrapper\"><div class=\"stm-spacing\" id=\"stm-spacing-69feb7f1e0820\"><\/div>\n<script>\n    (function($){\n        \"use strict\";\n        var spacingID = 'stm-spacing-69feb7f1e0820',\n            lgSpacing = '150',\n            mdSpacing = '150',\n            smSpacing = '150',\n            xsSpacing = '150';\n\n        function stmSpacing() {\n            if ( window.matchMedia(\"(min-width: 1200px)\").matches && lgSpacing ) {\n                $( '#' + spacingID ).css ( \"height\", lgSpacing );\n            } else if ( window.matchMedia(\"(max-width: 1199px) and (min-width: 992px )\").matches && mdSpacing ) {\n                $( '#' + spacingID ).css ( \"height\", mdSpacing );\n            } else if ( window.matchMedia(\"(max-width: 991px) and (min-width: 768px )\").matches && smSpacing ) {\n                $( '#' + spacingID ).css ( \"height\", smSpacing );\n            } else if ( window.matchMedia(\"(max-width: 767px)\").matches && xsSpacing ) {\n                $( '#' + spacingID ).css ( \"height\", xsSpacing );\n            } else {\n                $( '#' + spacingID ).css ( \"height\", \"\" );\n            }\n        }\n\n        $(document).ready(function() {\n            stmSpacing();\n        });\n\n        $(window).resize(function() {\n            stmSpacing();\n        });\n\n    })(jQuery);\n<\/script><\/div><\/div><\/div><\/div><div class=\"vc_row wpb_row vc_row-fluid vc_custom_1767992746314\"><div class=\"wpb_column vc_column_container vc_col-sm-12 vc_col-has-fill\"><div class=\"vc_column-inner vc_custom_1768011681884\"><div class=\"wpb_wrapper\"><div class=\"vc_row wpb_row vc_inner vc_row-fluid mobile_no_paddings\"><div class=\"mobile_no_paddings wpb_column vc_column_container vc_col-sm-12 vc_col-lg-5 vc_col-has-fill\"><div class=\"vc_column-inner vc_custom_1486650450074\"><div class=\"wpb_wrapper\">\n<div class=\"quote_box custom\" style=\"color: #ffffff\">\n            <div class=\"quote\">\n            NAUJAUSI DARBO PASI\u016aLYMAI        <\/div>\n                    <div class=\"author_info\">\n            <div class=\"author_name\">\n                Baltic Recruitment Alliance            <\/div>\n            <div class=\"author_status\">\n                Recruitment Built on Strategy.            <\/div>\n        <\/div>\n    <\/div><\/div><\/div><\/div><\/div><\/div><\/div><\/div><\/div><div class=\"vc_row wpb_row vc_row-fluid\"><div class=\"wpb_column vc_column_container vc_col-sm-12\"><div class=\"vc_column-inner\"><div class=\"wpb_wrapper\">    <div class=\"vacancy_table_wr style_1\">\n\n        \n            <table class=\"vacancy_table\" id=\"vacancy_table_9019756\">\n                <thead>\n                <tr>\n                    <th>Job Posting Title<\/th>\n                    <th class=\"location\">Location<\/th>\n                    <th>Department<\/th>\n                    <th>Date<\/th>\n                <\/tr>\n                <\/thead>\n                <tbody>\n\n                                    <tr>\n                        <td><a href=\"https:\/\/bralliance.eu\/lt\/careers_archive\/transporto-vadybininkas-e-2\/\">TRANSPORTO VADYBININKAS (-\u0116)<\/a><\/td>\n                        <td class=\"location\">3300.00 \u20ac \u2013 5000.00 \u20ac \/ m\u0117n. po mokes\u010di\u0173<\/td>\n                        <td>Ma\u017eeikiai<\/td>\n                        <td>07\/05\/2026<\/td>\n                    <\/tr>\n                                    <tr>\n                        <td><a href=\"https:\/\/bralliance.eu\/lt\/careers_archive\/fasadu-montuotojai\/\">FASAD\u0172 MONTUOTOJAI<\/a><\/td>\n                        <td class=\"location\">2100.00 \u20ac \u2013 3000.00 \u20ac \/ m\u0117n. po mokes\u010di\u0173<\/td>\n                        <td>\u0160vedija<\/td>\n                        <td>03\/05\/2026<\/td>\n                    <\/tr>\n                                    <tr>\n                        <td><a href=\"https:\/\/bralliance.eu\/lt\/careers_archive\/ekspedicijos-vadybininkas-e\/\">EKSPEDICIJOS VADYBININKAS (-\u0116)<\/a><\/td>\n                        <td class=\"location\">3300.00 \u20ac \u2013 5000.00 \u20ac \/ m\u0117n. po mokes\u010di\u0173<\/td>\n                        <td>Ma\u017eeikiai, Klaip\u0117da<\/td>\n                        <td>02\/05\/2026<\/td>\n                    <\/tr>\n                \n                <\/tbody>\n            <\/table>\n\n        \n        <script type=\"text\/javascript\">\n            jQuery(document).ready(function ($) {\n                $(\"#vacancy_table_9019756\").tablesorter();\n            });\n        <\/script>\n    <\/div>\n<\/div><\/div><\/div><\/div>\n<\/div>","protected":false},"excerpt":{"rendered":"EKSPEDICIJOS VADYBININKAS (-\u0116) Apra\u0161ymas Ie\u0161kome Ekspedicijos&nbsp;vadybininko (-\u0117s), kuris (-i) prisid\u0117t\u0173 prie kasdien\u0117s logistikos veiklos ir pad\u0117t\u0173 organizuoti perve\u017eimus. Darbo pob\u016bdis: Aktyvus bendravimas su ve\u017e\u0117jais, j\u0173 darbo organizavimas ir koordinavimas; Tarptautini\u0173 bei vietini\u0173 pavieni\u0173 krovini\u0173 perve\u017eim\u0173 planavimas, sekimas, organizavimas ir kontrol\u0117. Problem\u0173 sprendimas; Darbas su duomen\u0173 baz\u0117mis; Nuolatinis bendravimas su esamais ve\u017e\u0117jais ir nauj\u0173 ve\u017e\u0117j\u0173 paie\u0161ka.","protected":false},"author":1,"featured_media":0,"parent":0,"menu_order":0,"comment_status":"closed","ping_status":"closed","template":"","meta":{"footnotes":""},"class_list":["post-7520","page","type-page","status-publish","hentry"],"yoast_head":"<!-- This site is optimized with the Yoast SEO plugin v26.7 - https:\/\/yoast.com\/wordpress\/plugins\/seo\/ -->\n<title>DARBO PASI\u016aLYMAI - Baltic Recruitment Alliance<\/title>\n<meta name=\"robots\" content=\"index, follow, max-snippet:-1, max-image-preview:large, max-video-preview:-1\" \/>\n<link rel=\"canonical\" href=\"https:\/\/bralliance.eu\/lt\/darbo-pasiulymai\/\" \/>\n<meta property=\"og:locale\" content=\"lt_LT\" \/>\n<meta property=\"og:type\" content=\"article\" \/>\n<meta property=\"og:title\" content=\"DARBO PASI\u016aLYMAI - Baltic Recruitment Alliance\" \/>\n<meta property=\"og:url\" content=\"https:\/\/bralliance.eu\/lt\/darbo-pasiulymai\/\" \/>\n<meta property=\"og:site_name\" content=\"Baltic Recruitment Alliance\" \/>\n<meta property=\"article:modified_time\" content=\"2026-05-08T10:03:51+00:00\" \/>\n<meta name=\"twitter:card\" content=\"summary_large_image\" \/>\n<meta name=\"twitter:label1\" content=\"Est. reading time\" \/>\n\t<meta name=\"twitter:data1\" content=\"2 minut\u0117s\" \/>\n<script type=\"application\/ld+json\" class=\"yoast-schema-graph\">{\"@context\":\"https:\/\/schema.org\",\"@graph\":[{\"@type\":\"WebPage\",\"@id\":\"https:\/\/bralliance.eu\/darbo-pasiulymai\/\",\"url\":\"https:\/\/bralliance.eu\/darbo-pasiulymai\/\",\"name\":\"DARBO PASI\u016aLYMAI - Baltic Recruitment Alliance\",\"isPartOf\":{\"@id\":\"https:\/\/bralliance.eu\/#website\"},\"datePublished\":\"2026-05-08T10:00:53+00:00\",\"dateModified\":\"2026-05-08T10:03:51+00:00\",\"breadcrumb\":{\"@id\":\"https:\/\/bralliance.eu\/darbo-pasiulymai\/#breadcrumb\"},\"inLanguage\":\"lt-LT\",\"potentialAction\":[{\"@type\":\"ReadAction\",\"target\":[\"https:\/\/bralliance.eu\/darbo-pasiulymai\/\"]}]},{\"@type\":\"BreadcrumbList\",\"@id\":\"https:\/\/bralliance.eu\/darbo-pasiulymai\/#breadcrumb\",\"itemListElement\":[{\"@type\":\"ListItem\",\"position\":1,\"name\":\"Home\",\"item\":\"https:\/\/bralliance.eu\/\"},{\"@type\":\"ListItem\",\"position\":2,\"name\":\"DARBO PASI\u016aLYMAI\"}]},{\"@type\":\"WebSite\",\"@id\":\"https:\/\/bralliance.eu\/#website\",\"url\":\"https:\/\/bralliance.eu\/\",\"name\":\"Baltic Recruitment Alliance\",\"description\":\"\",\"potentialAction\":[{\"@type\":\"SearchAction\",\"target\":{\"@type\":\"EntryPoint\",\"urlTemplate\":\"https:\/\/bralliance.eu\/?s={search_term_string}\"},\"query-input\":{\"@type\":\"PropertyValueSpecification\",\"valueRequired\":true,\"valueName\":\"search_term_string\"}}],\"inLanguage\":\"lt-LT\"}]}<\/script>\n<!-- \/ Yoast SEO plugin. -->","yoast_head_json":{"title":"DARBO PASI\u016aLYMAI - Baltic Recruitment Alliance","robots":{"index":"index","follow":"follow","max-snippet":"max-snippet:-1","max-image-preview":"max-image-preview:large","max-video-preview":"max-video-preview:-1"},"canonical":"https:\/\/bralliance.eu\/lt\/darbo-pasiulymai\/","og_locale":"lt_LT","og_type":"article","og_title":"DARBO PASI\u016aLYMAI - Baltic Recruitment Alliance","og_url":"https:\/\/bralliance.eu\/lt\/darbo-pasiulymai\/","og_site_name":"Baltic Recruitment Alliance","article_modified_time":"2026-05-08T10:03:51+00:00","twitter_card":"summary_large_image","twitter_misc":{"Est. reading time":"2 minut\u0117s"},"schema":{"@context":"https:\/\/schema.org","@graph":[{"@type":"WebPage","@id":"https:\/\/bralliance.eu\/darbo-pasiulymai\/","url":"https:\/\/bralliance.eu\/darbo-pasiulymai\/","name":"DARBO PASI\u016aLYMAI - Baltic Recruitment Alliance","isPartOf":{"@id":"https:\/\/bralliance.eu\/#website"},"datePublished":"2026-05-08T10:00:53+00:00","dateModified":"2026-05-08T10:03:51+00:00","breadcrumb":{"@id":"https:\/\/bralliance.eu\/darbo-pasiulymai\/#breadcrumb"},"inLanguage":"lt-LT","potentialAction":[{"@type":"ReadAction","target":["https:\/\/bralliance.eu\/darbo-pasiulymai\/"]}]},{"@type":"BreadcrumbList","@id":"https:\/\/bralliance.eu\/darbo-pasiulymai\/#breadcrumb","itemListElement":[{"@type":"ListItem","position":1,"name":"Home","item":"https:\/\/bralliance.eu\/"},{"@type":"ListItem","position":2,"name":"DARBO PASI\u016aLYMAI"}]},{"@type":"WebSite","@id":"https:\/\/bralliance.eu\/#website","url":"https:\/\/bralliance.eu\/","name":"Baltic Recruitment Alliance","description":"","potentialAction":[{"@type":"SearchAction","target":{"@type":"EntryPoint","urlTemplate":"https:\/\/bralliance.eu\/?s={search_term_string}"},"query-input":{"@type":"PropertyValueSpecification","valueRequired":true,"valueName":"search_term_string"}}],"inLanguage":"lt-LT"}]}},"_hostinger_reach_plugin_has_subscription_block":false,"_hostinger_reach_plugin_is_elementor":false,"_links":{"self":[{"href":"https:\/\/bralliance.eu\/lt\/wp-json\/wp\/v2\/pages\/7520","targetHints":{"allow":["GET"]}}],"collection":[{"href":"https:\/\/bralliance.eu\/lt\/wp-json\/wp\/v2\/pages"}],"about":[{"href":"https:\/\/bralliance.eu\/lt\/wp-json\/wp\/v2\/types\/page"}],"author":[{"embeddable":true,"href":"https:\/\/bralliance.eu\/lt\/wp-json\/wp\/v2\/users\/1"}],"replies":[{"embeddable":true,"href":"https:\/\/bralliance.eu\/lt\/wp-json\/wp\/v2\/comments?post=7520"}],"version-history":[{"count":7,"href":"https:\/\/bralliance.eu\/lt\/wp-json\/wp\/v2\/pages\/7520\/revisions"}],"predecessor-version":[{"id":7527,"href":"https:\/\/bralliance.eu\/lt\/wp-json\/wp\/v2\/pages\/7520\/revisions\/7527"}],"wp:attachment":[{"href":"https:\/\/bralliance.eu\/lt\/wp-json\/wp\/v2\/media?parent=7520"}],"curies":[{"name":"wp","href":"https:\/\/api.w.org\/{rel}","templated":true}]}}