{"id":7512,"date":"2026-05-08T09:31:40","date_gmt":"2026-05-08T09:31:40","guid":{"rendered":"https:\/\/bralliance.eu\/?page_id=7512"},"modified":"2026-05-08T09:32:52","modified_gmt":"2026-05-08T09:32:52","slug":"ikelti-cv","status":"publish","type":"page","link":"https:\/\/bralliance.eu\/lt\/ikelti-cv\/","title":{"rendered":"\u012eKELTI CV"},"content":{"rendered":"<div class=\"wpcf7 no-js\" id=\"wpcf7-f7511-o1\" lang=\"en-US\" dir=\"ltr\" data-wpcf7-id=\"7511\">\n<div class=\"screen-reader-response\"><p role=\"status\" aria-live=\"polite\" aria-atomic=\"true\"><\/p> <ul><\/ul><\/div>\n<form action=\"\/lt\/wp-json\/wp\/v2\/pages\/7512#wpcf7-f7511-o1\" method=\"post\" class=\"wpcf7-form init\" aria-label=\"Contact form\" novalidate=\"novalidate\" data-status=\"init\" data-trp-original-action=\"\/lt\/wp-json\/wp\/v2\/pages\/7512#wpcf7-f7511-o1\">\n<fieldset class=\"hidden-fields-container\"><input type=\"hidden\" name=\"_wpcf7\" value=\"7511\" \/><input type=\"hidden\" name=\"_wpcf7_version\" value=\"6.1.4\" \/><input type=\"hidden\" name=\"_wpcf7_locale\" value=\"en_US\" \/><input type=\"hidden\" name=\"_wpcf7_unit_tag\" value=\"wpcf7-f7511-o1\" \/><input type=\"hidden\" name=\"_wpcf7_container_post\" value=\"0\" \/><input type=\"hidden\" name=\"_wpcf7_posted_data_hash\" value=\"\" \/>\n<\/fieldset>\n<div class=\"request_callback\">\n\n    <div class=\"input-group\">\n        <span class=\"wpcf7-form-control-wrap\" data-name=\"vardas-pavarde\"><input size=\"40\" maxlength=\"400\" class=\"wpcf7-form-control wpcf7-text wpcf7-validates-as-required\" aria-required=\"true\" aria-invalid=\"false\" placeholder=\"Vardas, pavard\u0117 *\" value=\"\" type=\"text\" name=\"vardas-pavarde\" \/><\/span>\n    <\/div>\n\n    <div class=\"input-group\">\n        <span class=\"wpcf7-form-control-wrap\" data-name=\"profesija\"><input size=\"40\" maxlength=\"400\" class=\"wpcf7-form-control wpcf7-text wpcf7-validates-as-required\" aria-required=\"true\" aria-invalid=\"false\" placeholder=\"Profesija *\" value=\"\" type=\"text\" name=\"profesija\" \/><\/span>\n    <\/div>\n\n    <div class=\"input-group\">\n        <span class=\"wpcf7-form-control-wrap\" data-name=\"patirtis\"><textarea cols=\"40\" rows=\"10\" maxlength=\"2000\" class=\"wpcf7-form-control wpcf7-textarea wpcf7-validates-as-required height147\" aria-required=\"true\" aria-invalid=\"false\" placeholder=\"Darbo patirtis *\" name=\"patirtis\"><\/textarea><\/span>\n    <\/div>\n\n    <div class=\"input-group\">\n        <label>Vairuotojo teis\u0117s<\/label>\n        <span class=\"wpcf7-form-control-wrap\" data-name=\"teises\"><span class=\"wpcf7-form-control wpcf7-checkbox\"><span class=\"wpcf7-list-item first\"><label><input type=\"checkbox\" name=\"teises[]\" value=\"Neturiu\" \/><span class=\"wpcf7-list-item-label\">Neturiu<\/span><\/label><\/span><span class=\"wpcf7-list-item\"><label><input type=\"checkbox\" name=\"teises[]\" value=\"B\" \/><span class=\"wpcf7-list-item-label\">B<\/span><\/label><\/span><span class=\"wpcf7-list-item\"><label><input type=\"checkbox\" name=\"teises[]\" value=\"CE\" \/><span class=\"wpcf7-list-item-label\">CE<\/span><\/label><\/span><span class=\"wpcf7-list-item\"><label><input type=\"checkbox\" name=\"teises[]\" value=\"D\" \/><span class=\"wpcf7-list-item-label\">D<\/span><\/label><\/span><span class=\"wpcf7-list-item last\"><label><input type=\"checkbox\" name=\"teises[]\" value=\"Kita\" \/><span class=\"wpcf7-list-item-label\">Kita<\/span><\/label><\/span><\/span><\/span>\n    <\/div>\n\n    <div class=\"input-group\">\n        <span class=\"wpcf7-form-control-wrap\" data-name=\"teises-kita\"><input size=\"40\" maxlength=\"400\" class=\"wpcf7-form-control wpcf7-text\" aria-invalid=\"false\" placeholder=\"Jeigu pasirinkote Kita, \u012fra\u0161ykite\" value=\"\" type=\"text\" name=\"teises-kita\" \/><\/span>\n    <\/div>\n\n    <div class=\"input-group\">\n        <span class=\"wpcf7-form-control-wrap\" data-name=\"teistas\"><select class=\"wpcf7-form-control wpcf7-select wpcf7-validates-as-required\" aria-required=\"true\" aria-invalid=\"false\" name=\"teistas\"><option value=\"\">Ar esate teistas? *<\/option><option value=\"Ne\">Ne<\/option><option value=\"Taip\">Taip<\/option><\/select><\/span>\n    <\/div>\n\n    <div class=\"input-group\">\n        <span class=\"wpcf7-form-control-wrap\" data-name=\"issilavinimas\"><select class=\"wpcf7-form-control wpcf7-select wpcf7-validates-as-required\" aria-required=\"true\" aria-invalid=\"false\" name=\"issilavinimas\"><option value=\"\">I\u0161silavinimas *<\/option><option value=\"Pagrindinis\">Pagrindinis<\/option><option value=\"Vidurinis\">Vidurinis<\/option><option value=\"Profesinis\">Profesinis<\/option><option value=\"Auk\u0161tesnysis\">Auk\u0161tesnysis<\/option><option value=\"Auk\u0161tasis\">Auk\u0161tasis<\/option><option value=\"Nebaigtas pagrindinis\">Nebaigtas pagrindinis<\/option><option value=\"Nebaigtas vidurinis\">Nebaigtas vidurinis<\/option><option value=\"Nebaigtas auk\u0161tasis\">Nebaigtas auk\u0161tasis<\/option><option value=\"Kita\">Kita<\/option><\/select><\/span>\n    <\/div>\n\n    <div class=\"input-group\">\n        <span class=\"wpcf7-form-control-wrap\" data-name=\"issilavinimas-kita\"><input size=\"40\" maxlength=\"400\" class=\"wpcf7-form-control wpcf7-text\" aria-invalid=\"false\" placeholder=\"Jeigu pasirinkote Kita, \u012fra\u0161ykite\" value=\"\" type=\"text\" name=\"issilavinimas-kita\" \/><\/span>\n    <\/div>\n\n    <div class=\"input-group\">\n        <label>Kalbos<\/label>\n        <span class=\"wpcf7-form-control-wrap\" data-name=\"kalbos\"><span class=\"wpcf7-form-control wpcf7-checkbox\"><span class=\"wpcf7-list-item first\"><label><input type=\"checkbox\" name=\"kalbos[]\" value=\"Lietuvi\u0173\" \/><span class=\"wpcf7-list-item-label\">Lietuvi\u0173<\/span><\/label><\/span><span class=\"wpcf7-list-item\"><label><input type=\"checkbox\" name=\"kalbos[]\" value=\"Angl\u0173\" \/><span class=\"wpcf7-list-item-label\">Angl\u0173<\/span><\/label><\/span><span class=\"wpcf7-list-item\"><label><input type=\"checkbox\" name=\"kalbos[]\" value=\"Rus\u0173\" \/><span class=\"wpcf7-list-item-label\">Rus\u0173<\/span><\/label><\/span><span class=\"wpcf7-list-item last\"><label><input type=\"checkbox\" name=\"kalbos[]\" value=\"Kita\" \/><span class=\"wpcf7-list-item-label\">Kita<\/span><\/label><\/span><\/span><\/span>\n    <\/div>\n\n    <div class=\"input-group\">\n        <span class=\"wpcf7-form-control-wrap\" data-name=\"kalbos-kita\"><input size=\"40\" maxlength=\"400\" class=\"wpcf7-form-control wpcf7-text\" aria-invalid=\"false\" placeholder=\"Jeigu pasirinkote Kita, \u012fra\u0161ykite\" value=\"\" type=\"text\" name=\"kalbos-kita\" \/><\/span>\n    <\/div>\n\n    <div class=\"input-group\">\n        <span class=\"wpcf7-form-control-wrap\" data-name=\"miestas\"><input size=\"40\" maxlength=\"400\" class=\"wpcf7-form-control wpcf7-text wpcf7-validates-as-required\" aria-required=\"true\" aria-invalid=\"false\" placeholder=\"Miestas *\" value=\"\" type=\"text\" name=\"miestas\" \/><\/span>\n    <\/div>\n\n    <div class=\"input-group\">\n        <span class=\"wpcf7-form-control-wrap\" data-name=\"ruko\"><select class=\"wpcf7-form-control wpcf7-select wpcf7-validates-as-required\" aria-required=\"true\" aria-invalid=\"false\" name=\"ruko\"><option value=\"\">Ar r\u016bkote? *<\/option><option value=\"Ne\">Ne<\/option><option value=\"Taip\">Taip<\/option><\/select><\/span>\n    <\/div>\n\n    <div class=\"input-group\">\n        <span class=\"wpcf7-form-control-wrap\" data-name=\"geria\"><select class=\"wpcf7-form-control wpcf7-select wpcf7-validates-as-required\" aria-required=\"true\" aria-invalid=\"false\" name=\"geria\"><option value=\"\">Ar vartojate alkohol\u012f? *<\/option><option value=\"Ne\">Ne<\/option><option value=\"Taip\">Taip<\/option><\/select><\/span>\n    <\/div>\n\n    <div class=\"input-group\">\n        <span class=\"wpcf7-form-control-wrap\" data-name=\"email\"><input size=\"40\" maxlength=\"400\" class=\"wpcf7-form-control wpcf7-email wpcf7-validates-as-required wpcf7-text wpcf7-validates-as-email\" aria-required=\"true\" aria-invalid=\"false\" placeholder=\"El. pa\u0161tas *\" value=\"\" type=\"email\" name=\"email\" \/><\/span>\n    <\/div>\n\n    <div class=\"input-group\">\n        <span class=\"wpcf7-form-control-wrap\" data-name=\"telefono-numeris\"><input size=\"40\" maxlength=\"400\" class=\"wpcf7-form-control wpcf7-tel wpcf7-validates-as-required wpcf7-text wpcf7-validates-as-tel\" aria-required=\"true\" aria-invalid=\"false\" placeholder=\"Telefono numeris *\" value=\"\" type=\"tel\" name=\"telefono-numeris\" \/><\/span>\n    <\/div>\n\n\n    <div class=\"input-group\">\n        <button type=\"submit\" class=\"button size-lg icon_right\">\n            Si\u0173sti CV <i class=\"fa fa-chevron-right\"><\/i>\n        <\/button>\n    <\/div>\n\n<\/div><div class=\"wpcf7-response-output\" aria-hidden=\"true\"><\/div>\n<input type=\"hidden\" name=\"trp-form-language\" value=\"lt\"\/><\/form>\n<\/div>","protected":false},"excerpt":{"rendered":"Vairuotojo teis\u0117s NeturiuBCEDKita Ar esate teistas? *NeTaip I\u0161silavinimas *PagrindinisVidurinisProfesinisAuk\u0161tesnysisAuk\u0161tasisNebaigtas pagrindinisNebaigtas vidurinisNebaigtas auk\u0161tasisKita Kalbos Lietuvi\u0173Angl\u0173Rus\u0173Kita Ar r\u016bkote? *NeTaip Ar vartojate alkohol\u012f? *NeTaip Si\u0173sti CV","protected":false},"author":1,"featured_media":0,"parent":0,"menu_order":0,"comment_status":"closed","ping_status":"closed","template":"","meta":{"footnotes":""},"class_list":["post-7512","page","type-page","status-publish","hentry"],"yoast_head":"<!-- This site is optimized with the Yoast SEO plugin v26.7 - https:\/\/yoast.com\/wordpress\/plugins\/seo\/ -->\n<title>\u012eKELTI CV - Baltic Recruitment Alliance<\/title>\n<meta name=\"robots\" content=\"index, follow, max-snippet:-1, max-image-preview:large, max-video-preview:-1\" \/>\n<link rel=\"canonical\" href=\"https:\/\/bralliance.eu\/lt\/ikelti-cv\/\" \/>\n<meta property=\"og:locale\" content=\"lt_LT\" \/>\n<meta property=\"og:type\" content=\"article\" \/>\n<meta property=\"og:title\" content=\"\u012eKELTI CV - Baltic Recruitment Alliance\" \/>\n<meta property=\"og:url\" content=\"https:\/\/bralliance.eu\/lt\/ikelti-cv\/\" \/>\n<meta property=\"og:site_name\" content=\"Baltic Recruitment Alliance\" \/>\n<meta property=\"article:modified_time\" content=\"2026-05-08T09:32:52+00:00\" \/>\n<meta name=\"twitter:card\" content=\"summary_large_image\" \/>\n<meta name=\"twitter:label1\" content=\"Est. reading time\" \/>\n\t<meta name=\"twitter:data1\" content=\"1 minut\u0117\" \/>\n<script type=\"application\/ld+json\" class=\"yoast-schema-graph\">{\"@context\":\"https:\/\/schema.org\",\"@graph\":[{\"@type\":\"WebPage\",\"@id\":\"https:\/\/bralliance.eu\/ikelti-cv\/\",\"url\":\"https:\/\/bralliance.eu\/ikelti-cv\/\",\"name\":\"\u012eKELTI CV - Baltic Recruitment Alliance\",\"isPartOf\":{\"@id\":\"https:\/\/bralliance.eu\/#website\"},\"datePublished\":\"2026-05-08T09:31:40+00:00\",\"dateModified\":\"2026-05-08T09:32:52+00:00\",\"breadcrumb\":{\"@id\":\"https:\/\/bralliance.eu\/ikelti-cv\/#breadcrumb\"},\"inLanguage\":\"lt-LT\",\"potentialAction\":[{\"@type\":\"ReadAction\",\"target\":[\"https:\/\/bralliance.eu\/ikelti-cv\/\"]}]},{\"@type\":\"BreadcrumbList\",\"@id\":\"https:\/\/bralliance.eu\/ikelti-cv\/#breadcrumb\",\"itemListElement\":[{\"@type\":\"ListItem\",\"position\":1,\"name\":\"Home\",\"item\":\"https:\/\/bralliance.eu\/\"},{\"@type\":\"ListItem\",\"position\":2,\"name\":\"\u012eKELTI CV\"}]},{\"@type\":\"WebSite\",\"@id\":\"https:\/\/bralliance.eu\/#website\",\"url\":\"https:\/\/bralliance.eu\/\",\"name\":\"Baltic Recruitment Alliance\",\"description\":\"\",\"potentialAction\":[{\"@type\":\"SearchAction\",\"target\":{\"@type\":\"EntryPoint\",\"urlTemplate\":\"https:\/\/bralliance.eu\/?s={search_term_string}\"},\"query-input\":{\"@type\":\"PropertyValueSpecification\",\"valueRequired\":true,\"valueName\":\"search_term_string\"}}],\"inLanguage\":\"lt-LT\"}]}<\/script>\n<!-- \/ Yoast SEO plugin. -->","yoast_head_json":{"title":"\u012eKELTI CV - Baltic Recruitment Alliance","robots":{"index":"index","follow":"follow","max-snippet":"max-snippet:-1","max-image-preview":"max-image-preview:large","max-video-preview":"max-video-preview:-1"},"canonical":"https:\/\/bralliance.eu\/lt\/ikelti-cv\/","og_locale":"lt_LT","og_type":"article","og_title":"\u012eKELTI CV - Baltic Recruitment Alliance","og_url":"https:\/\/bralliance.eu\/lt\/ikelti-cv\/","og_site_name":"Baltic Recruitment Alliance","article_modified_time":"2026-05-08T09:32:52+00:00","twitter_card":"summary_large_image","twitter_misc":{"Est. reading time":"1 minut\u0117"},"schema":{"@context":"https:\/\/schema.org","@graph":[{"@type":"WebPage","@id":"https:\/\/bralliance.eu\/ikelti-cv\/","url":"https:\/\/bralliance.eu\/ikelti-cv\/","name":"\u012eKELTI CV - Baltic Recruitment Alliance","isPartOf":{"@id":"https:\/\/bralliance.eu\/#website"},"datePublished":"2026-05-08T09:31:40+00:00","dateModified":"2026-05-08T09:32:52+00:00","breadcrumb":{"@id":"https:\/\/bralliance.eu\/ikelti-cv\/#breadcrumb"},"inLanguage":"lt-LT","potentialAction":[{"@type":"ReadAction","target":["https:\/\/bralliance.eu\/ikelti-cv\/"]}]},{"@type":"BreadcrumbList","@id":"https:\/\/bralliance.eu\/ikelti-cv\/#breadcrumb","itemListElement":[{"@type":"ListItem","position":1,"name":"Home","item":"https:\/\/bralliance.eu\/"},{"@type":"ListItem","position":2,"name":"\u012eKELTI CV"}]},{"@type":"WebSite","@id":"https:\/\/bralliance.eu\/#website","url":"https:\/\/bralliance.eu\/","name":"Baltic Recruitment Alliance","description":"","potentialAction":[{"@type":"SearchAction","target":{"@type":"EntryPoint","urlTemplate":"https:\/\/bralliance.eu\/?s={search_term_string}"},"query-input":{"@type":"PropertyValueSpecification","valueRequired":true,"valueName":"search_term_string"}}],"inLanguage":"lt-LT"}]}},"_hostinger_reach_plugin_has_subscription_block":false,"_hostinger_reach_plugin_is_elementor":false,"_links":{"self":[{"href":"https:\/\/bralliance.eu\/lt\/wp-json\/wp\/v2\/pages\/7512","targetHints":{"allow":["GET"]}}],"collection":[{"href":"https:\/\/bralliance.eu\/lt\/wp-json\/wp\/v2\/pages"}],"about":[{"href":"https:\/\/bralliance.eu\/lt\/wp-json\/wp\/v2\/types\/page"}],"author":[{"embeddable":true,"href":"https:\/\/bralliance.eu\/lt\/wp-json\/wp\/v2\/users\/1"}],"replies":[{"embeddable":true,"href":"https:\/\/bralliance.eu\/lt\/wp-json\/wp\/v2\/comments?post=7512"}],"version-history":[{"count":1,"href":"https:\/\/bralliance.eu\/lt\/wp-json\/wp\/v2\/pages\/7512\/revisions"}],"predecessor-version":[{"id":7513,"href":"https:\/\/bralliance.eu\/lt\/wp-json\/wp\/v2\/pages\/7512\/revisions\/7513"}],"wp:attachment":[{"href":"https:\/\/bralliance.eu\/lt\/wp-json\/wp\/v2\/media?parent=7512"}],"curies":[{"name":"wp","href":"https:\/\/api.w.org\/{rel}","templated":true}]}}