{"id":408,"date":"2016-01-07T09:31:53","date_gmt":"2016-01-07T09:31:53","guid":{"rendered":"http:\/\/consulting.stylemixthemes.com\/demo\/?page_id=408"},"modified":"2026-01-12T20:32:51","modified_gmt":"2026-01-12T20:32:51","slug":"kandidatams","status":"publish","type":"page","link":"https:\/\/bralliance.eu\/lt\/kandidatams\/","title":{"rendered":"Kandidatams"},"content":{"rendered":"<div class=\"wpb-content-wrapper\"><div class=\"vc_row wpb_row vc_row-fluid vc_custom_1555482835344\"><div class=\"wpb_column vc_column_container vc_col-sm-12 vc_col-has-fill\"><div class=\"vc_column-inner vc_custom_1768248309252\"><div class=\"wpb_wrapper\"><div class=\"vc_row wpb_row vc_inner vc_row-fluid mobile_no_paddings vc_custom_1485768753869\"><div class=\"mobile_no_paddings wpb_column vc_column_container vc_col-sm-12 vc_col-lg-5 vc_col-has-fill\"><div class=\"vc_column-inner vc_custom_1486650450074\"><div class=\"wpb_wrapper\">\n<div class=\"quote_box custom\" style=\"color: #ffffff\">\n            <div class=\"quote\">\n            Kandidatams        <\/div>\n                    <div class=\"author_info\">\n            <div class=\"author_name\">\n                Baltic Recruitment Alliance            <\/div>\n            <div class=\"author_status\">\n                Recruitment Built on Strategy.            <\/div>\n        <\/div>\n    <\/div><\/div><\/div><\/div><\/div><\/div><\/div><\/div><\/div><div class=\"vc_row wpb_row vc_row-fluid vc_custom_1459506339266\"><div class=\"wpb_column vc_column_container vc_col-sm-6 vc_col-lg-12 vc_col-md-9\"><div class=\"vc_column-inner\"><div class=\"wpb_wrapper\">\n\t<div class=\"wpb_text_column wpb_content_element vc_custom_1767985741373\" >\n\t\t<div class=\"wpb_wrapper\">\n\t\t\t<h2>Kandidatams<\/h2>\n<p data-start=\"302\" data-end=\"593\">J\u016bs\u0173 karjera \u2013 tai krypting\u0173 sprendim\u0173 ir tiksli\u0173 pasirinkim\u0173 rezultatas. M\u016bs\u0173 vaidmuo \u2013 pad\u0117ti \u0161iuos sprendimus priimti atsakingai ir strategi\u0161kai. Dirbdami individualiai su kiekvienu kandidatu, siekiame suprasti ne tik profesin\u0119 patirt\u012f, bet ir vertybes, ambicijas bei ilgalaikius tikslus.<\/p>\n<p data-start=\"595\" data-end=\"925\">Atrankos proces\u0105 grind\u017eiame strukt\u016bruotu dialogu ir nuodugniu kompetencij\u0173 vertinimu. Tai leid\u017eia identifikuoti galimybes, kuriose J\u016bs\u0173 stipryb\u0117s atsiskleid\u017eia maksimaliai, o profesinis augimas tampa tvarus ir prasmingas. M\u016bs\u0173 tikslas \u2013 ne tik s\u0117kmingas \u012fsidarbinimas, bet ir ilgalaik\u0117 vert\u0117 tiek specialistui, tiek organizacijai.<\/p>\n<p data-start=\"927\" data-end=\"1241\">Bendradarbiaujame su plataus profilio darbdaviais \u2013 nuo brand\u017ei\u0173, tarptautini\u0173 organizacij\u0173 iki inovatyvi\u0173, spar\u010diai augan\u010di\u0173 versl\u0173 \u012fvairiuose sektoriuose. Tai suteikia galimyb\u0119 pasi\u016blyti kryptingus karjeros sprendimus skirting\u0173 sri\u010di\u0173 profesionalams, ie\u0161kantiems kokybi\u0161kos, apgalvotos ir patikimos partneryst\u0117s.<\/p>\n<p data-start=\"1243\" data-end=\"1403\">Pasirink\u0119 mus, renkat\u0117s ai\u0161k\u0173 proces\u0105, profesionali\u0105 komunikacij\u0105 ir greitesn\u012f keli\u0105 \u012f pozicij\u0105, kuri atitinka J\u016bs\u0173 kompetencijas, l\u016bkes\u010dius ir ateities vizij\u0105.<\/p>\n\n\t\t<\/div>\n\t<\/div>\n<div class=\"vc_tta-container\" data-vc-action=\"collapse\"><div class=\"vc_general vc_tta vc_tta-accordion vc_tta-color-grey vc_tta-style-classic vc_tta-shape-square vc_tta-o-shape-group vc_tta-controls-align-default vc_custom_1453467174989\"><div class=\"vc_tta-panels-container\"><div class=\"vc_tta-panels\"><div class=\"vc_tta-panel vc_active\" id=\"1452160548343-003e17f2-760d\" data-vc-content=\".vc_tta-panel-body\"><div class=\"vc_tta-panel-heading\"><h4 class=\"vc_tta-panel-title vc_tta-controls-icon-position-right\"><a href=\"#1452160548343-003e17f2-760d\" data-vc-accordion data-vc-container=\".vc_tta-container\"><span class=\"vc_tta-title-text\">DARBO PASI\u016aLYMAI IR KARJEROS KONSULTACIJOS<\/span><i class=\"vc_tta-controls-icon vc_tta-controls-icon-plus\"><\/i><\/a><\/h4><\/div><div class=\"vc_tta-panel-body\">\n\t<div class=\"wpb_text_column wpb_content_element vc_custom_1767985950517\" >\n\t\t<div class=\"wpb_wrapper\">\n\t\t\t<p data-start=\"331\" data-end=\"637\">Karjeros poky\u010diai reikalauja ai\u0161kios krypties, objektyvaus vertinimo ir patikimo partnerio. Nesvarbu, ar esate profesinio kelio prad\u017eioje, gr\u012f\u017etate \u012f darbo rink\u0105 po pertraukos, ar svarstote apie nauj\u0105 karjeros etap\u0105 \u2013 suteikiame strukt\u016bruot\u0105 ir profesionali\u0105 pagalb\u0105, padedan\u010di\u0105 priimti tvarius sprendimus.<\/p>\n<p data-start=\"639\" data-end=\"949\">Individuali\u0173 konsultacij\u0173 metu padedame ai\u0161kiai \u012fsivertinti J\u016bs\u0173 kompetencijas, l\u016bkes\u010dius ir profesinius tikslus. Remdamiesi darbo rinkos analize ir praktine patirtimi, padedame identifikuoti kryptis, kuriose J\u016bs\u0173 potencialas gali b\u016bti realizuotas efektyviausiai, o profesinis augimas \u2013 nuoseklus ir pagr\u012fstas.<\/p>\n<p data-start=\"951\" data-end=\"1247\">Esant poreikiui, taikome pa\u017eangius asmenyb\u0117s ir geb\u0117jim\u0173 vertinimo \u012frankius, leid\u017eian\u010dius giliau suprasti J\u016bs\u0173 stiprybes, motyvacij\u0105 ir tinkamiausias veiklos sritis. \u0160is metodinis po\u017ei\u016bris sudaro prielaidas tiksliniams karjeros sprendimams ir, esant galimybei, atrankai \u012f Jums tinkamas pozicijas.<\/p>\n<p data-start=\"1249\" data-end=\"1544\">Papildomai padedame formuoti profesional\u0173 gyvenimo apra\u0161ym\u0105, stiprinti asmenin\u012f profesin\u012f \u012fvaizd\u012f ir pasirengti darbo rinkos i\u0161\u0161\u016bkiams. Konsultuojame visais su karjeros planavimu ir darbo paie\u0161ka susijusiais klausimais, u\u017etikrindami ai\u0161k\u0173 proces\u0105, konfidencialum\u0105 ir auk\u0161\u010diausi\u0105 paslaug\u0173 kokyb\u0119.<\/p>\n\n\t\t<\/div>\n\t<\/div>\n<\/div><\/div><div class=\"vc_tta-panel\" id=\"1452160738660-5468e659-6776\" data-vc-content=\".vc_tta-panel-body\"><div class=\"vc_tta-panel-heading\"><h4 class=\"vc_tta-panel-title vc_tta-controls-icon-position-right\"><a href=\"#1452160738660-5468e659-6776\" data-vc-accordion data-vc-container=\".vc_tta-container\"><span class=\"vc_tta-title-text\">KOMPETENCIJ\u0172 VERTINIMAS (TRIPOD METODIKA)<\/span><i class=\"vc_tta-controls-icon vc_tta-controls-icon-plus\"><\/i><\/a><\/h4><\/div><div class=\"vc_tta-panel-body\">\n\t<div class=\"wpb_text_column wpb_content_element vc_custom_1767986073527\" >\n\t\t<div class=\"wpb_wrapper\">\n\t\t\t<p data-start=\"288\" data-end=\"520\">Tiksliems karjeros sprendimams reikalingas objektyvus sav\u0119s pa\u017einimas. Taikome strukt\u016bruot\u0105 <strong data-start=\"380\" data-end=\"422\">TRIPOD kompetencij\u0173 vertinimo metodik\u0105<\/strong>, kuri leid\u017eia i\u0161samiai \u012fvertinti individualias asmens savybes, geb\u0117jimus ir profesin\u012f potencial\u0105.<\/p>\n<p data-start=\"522\" data-end=\"789\">Vertinimas remiasi standartizuotais, moksli\u0161kai pagr\u012fstais \u012frankiais, skirtais identifikuoti ilgalaikes, laike stabilias asmenines charakteristikas ir kognityvinius geb\u0117jimus. \u0160is metodinis po\u017ei\u016bris suteikia gerokai gilesn\u012f supratim\u0105 nei tradicinis atrankos pokalbis.<\/p>\n<p data-start=\"791\" data-end=\"1083\">TRIPOD vertinimas apima asmenini\u0173 savybi\u0173, motyvacini\u0173 veiksni\u0173, darbo stiliaus, geb\u0117jimo dirbti komandoje, orientacijos \u012f rezultat\u0105, atsparumo \u012ftampai bei vadovavimo potencialo analiz\u0119. Gautos \u012f\u017evalgos leid\u017eia tiksliai \u012fvertinti asmens atitikt\u012f konkre\u010dioms pareigoms ir profesin\u0117ms kryptims.<\/p>\n<p data-start=\"1085\" data-end=\"1467\">Po vertinimo pateikiama i\u0161sami rezultat\u0173 analiz\u0117 ir ai\u0161kios, prakti\u0161kai pritaikomos rekomendacijos. Individualios konsultacijos metu padedame suprasti rezultatus, objektyviai \u012fsivertinti stipri\u0105sias puses ir identifikuoti sritis, kuriose potencialas gali b\u016bti realizuotas efektyviausiai. Tai taip pat sustiprina kandidat\u0173 argumentacij\u0105 ir pasitik\u0117jim\u0105 savimi atrankos pokalbi\u0173 metu.<\/p>\n\n\t\t<\/div>\n\t<\/div>\n<\/div><\/div><\/div><\/div><\/div><\/div><div class=\"vc_row wpb_row vc_inner vc_row-fluid vc_custom_1453463400247\"><div class=\"wpb_column vc_column_container vc_col-sm-6\"><div class=\"vc_column-inner\"><div class=\"wpb_wrapper\">\n\t<div  class=\"wpb_single_image wpb_content_element vc_align_left wpb_content_element\">\n\t\t\n\t\t<figure class=\"wpb_wrapper vc_figure\">\n\t\t\t<div class=\"vc_single_image-wrapper   vc_box_border_grey\"><img fetchpriority=\"high\" decoding=\"async\" width=\"1182\" height=\"960\" src=\"https:\/\/bralliance.eu\/misebom\/2026\/01\/portrait-young-confident-businesswoman-street-drinks-her-coffee-looks-tablet-works-scaled-e1768248662960.jpg\" class=\"vc_single_image-img attachment-full\" alt=\"\" title=\"\" srcset=\"https:\/\/bralliance.eu\/misebom\/2026\/01\/portrait-young-confident-businesswoman-street-drinks-her-coffee-looks-tablet-works-scaled-e1768248662960.jpg 1182w, https:\/\/bralliance.eu\/misebom\/2026\/01\/portrait-young-confident-businesswoman-street-drinks-her-coffee-looks-tablet-works-scaled-e1768248662960-300x244.jpg 300w, https:\/\/bralliance.eu\/misebom\/2026\/01\/portrait-young-confident-businesswoman-street-drinks-her-coffee-looks-tablet-works-scaled-e1768248662960-1024x832.jpg 1024w, https:\/\/bralliance.eu\/misebom\/2026\/01\/portrait-young-confident-businesswoman-street-drinks-her-coffee-looks-tablet-works-scaled-e1768248662960-768x624.jpg 768w, https:\/\/bralliance.eu\/misebom\/2026\/01\/portrait-young-confident-businesswoman-street-drinks-her-coffee-looks-tablet-works-scaled-e1768248662960-15x12.jpg 15w, https:\/\/bralliance.eu\/misebom\/2026\/01\/portrait-young-confident-businesswoman-street-drinks-her-coffee-looks-tablet-works-scaled-e1768248662960-900x731.jpg 900w, https:\/\/bralliance.eu\/misebom\/2026\/01\/portrait-young-confident-businesswoman-street-drinks-her-coffee-looks-tablet-works-scaled-e1768248662960-600x487.jpg 600w\" sizes=\"(max-width: 1182px) 100vw, 1182px\" \/><\/div>\n\t\t<\/figure>\n\t<\/div>\n<\/div><\/div><\/div><div class=\"wpb_column vc_column_container vc_col-sm-6\"><div class=\"vc_column-inner\"><div class=\"wpb_wrapper\"><div class=\"vc_custom_heading no_stripe remove_padding vc_custom_1768249436028 text_align_left\" ><h4 style=\"color: #222222;text-align: left\" class=\"consulting-custom-title\">Paslaugos darbo ie\u0161kantiems<\/h4><\/div>\n\t<div class=\"wpb_text_column wpb_content_element\" >\n\t\t<div class=\"wpb_wrapper\">\n\t\t\t<ul data-start=\"699\" data-end=\"972\">\n<li data-start=\"699\" data-end=\"756\">\n<p data-start=\"88\" data-end=\"157\"><strong data-start=\"88\" data-end=\"157\">Si\u016blome visapusi\u0161kas karjeros konsultavimo paslaugas, apiman\u010dias:<\/strong><\/p>\n<ul data-start=\"159\" data-end=\"815\">\n<li data-start=\"159\" data-end=\"311\">\n<p data-start=\"161\" data-end=\"311\"><strong>Profesin\u0117s situacijos ir karjeros krypties vertinim\u0105<\/strong>, padedant ai\u0161kiai identifikuoti esam\u0105 pozicij\u0105, kompetencijas ir tolimesnes augimo galimybes;<\/p>\n<\/li>\n<li data-start=\"312\" data-end=\"438\">\n<p data-start=\"314\" data-end=\"438\"><strong data-start=\"314\" data-end=\"372\">Individualias karjeros ir darbo paie\u0161kos konsultacijas<\/strong>, pritaikytas konkretiems J\u016bs\u0173 tikslams ir profesiniam kontekstui;<\/p>\n<\/li>\n<li data-start=\"439\" data-end=\"565\">\n<p data-start=\"441\" data-end=\"565\"><strong data-start=\"441\" data-end=\"506\">CV ir \u201eLinkedIn\u201c profilio analiz\u0119 bei profesional\u0173 tobulinim\u0105<\/strong>, siekiant i\u0161skirtinumo ir didesnio matomumo darbo rinkoje;<\/p>\n<\/li>\n<li data-start=\"566\" data-end=\"691\">\n<p data-start=\"568\" data-end=\"691\"><strong data-start=\"568\" data-end=\"650\">Darbo rinkos tendencij\u0173, paklausi\u0173 kompetencij\u0173 ir karjeros galimybi\u0173 \u012f\u017evalgas<\/strong>, pagr\u012fstas aktualiais rinkos duomenimis;<\/p>\n<\/li>\n<li data-start=\"692\" data-end=\"815\">\n<p data-start=\"694\" data-end=\"815\"><strong data-start=\"694\" data-end=\"747\">Pasirengim\u0105 darbo pokalbiams ir atrank\u0173 procesams<\/strong>, \u012fskaitant praktines rekomendacijas ir individual\u0173 gr\u012f\u017etam\u0105j\u012f ry\u0161\u012f.<\/p>\n<\/li>\n<\/ul>\n<p data-start=\"817\" data-end=\"1019\">\n<\/li>\n<\/ul>\n\n\t\t<\/div>\n\t<\/div>\n<\/div><\/div><\/div><\/div>\n\t<div class=\"wpb_text_column wpb_content_element\" >\n\t\t<div class=\"wpb_wrapper\">\n\t\t\t<p data-start=\"88\" data-end=\"157\"><em><strong>Kiekvien\u0105 klient\u0105 vertiname individualiai, atsi\u017evelgdami \u012f jo patirt\u012f, stiprybes, asmeninius poreikius ir siekiamus profesinius tikslus, u\u017etikrindami tikslingus ir ilgalaik\u0119 vert\u0119 kurian\u010dius sprendimus.<\/strong><\/em><\/p>\n\n\t\t<\/div>\n\t<\/div>\n<\/div><\/div><\/div><\/div><div class=\"vc_row wpb_row vc_row-fluid vc_custom_1767992746314\"><div class=\"wpb_column vc_column_container vc_col-sm-12 vc_col-has-fill\"><div class=\"vc_column-inner vc_custom_1768248216737\"><div class=\"wpb_wrapper\"><div class=\"vc_row wpb_row vc_inner vc_row-fluid mobile_no_paddings\"><div class=\"mobile_no_paddings wpb_column vc_column_container vc_col-sm-12 vc_col-lg-5 vc_col-has-fill\"><div class=\"vc_column-inner vc_custom_1486650450074\"><div class=\"wpb_wrapper\">\n<div class=\"quote_box custom\" style=\"color: #ffffff\">\n            <div class=\"quote\">\n            NAUJAUSI DARBO PASI\u016aLYMAI        <\/div>\n                    <div class=\"author_info\">\n            <div class=\"author_name\">\n                Baltic Recruitment Alliance            <\/div>\n            <div class=\"author_status\">\n                Recruitment Built on Strategy.            <\/div>\n        <\/div>\n    <\/div><\/div><\/div><\/div><\/div><\/div><\/div><\/div><\/div><div class=\"vc_row wpb_row vc_row-fluid vc_row-o-equal-height vc_row-flex\"><div class=\"wpb_column vc_column_container vc_col-sm-12\"><div class=\"vc_column-inner\"><div class=\"wpb_wrapper\">        <div class=\"stm_vacancies style_2\">\n        <div class=\"row\">\n                            <div class=\"col-sm-6 col-md-4\">\n                    <div class=\"stm_vacancies__inner\">\n                        <a href=\"https:\/\/bralliance.eu\/lt\/careers_archive\/ekspedicijos-vadybininkas-e\/\" class=\"title\">\n                            <h5>EKSPEDICIJOS VADYBININKAS (-\u0116)<\/h5>\n                        <\/a>\n                        <div class=\"location info\">3800-4960 Eur\/m\u0117n. bruto.<\/div>\n                        <div class=\"department info\">Mazeikiai<\/div>\n                        <div class=\"read-more\">\n                            <a href=\"https:\/\/bralliance.eu\/lt\/careers_archive\/ekspedicijos-vadybininkas-e\/\" class=\"base_font_color\">\n                                <i class=\"stm-lnr-arrow-right third_bg_color\"><\/i>\n                                Read more                            <\/a>\n                            <span class=\"date\">\n                                08\/11\/2019                            <\/span>\n                        <\/div>\n                    <\/div>\n                <\/div>\n                    <\/div>\n    <\/div>\n    <\/div><\/div><\/div><\/div>\n<\/div>","protected":false},"excerpt":{"rendered":"EKSPEDICIJOS VADYBININKAS (-\u0116) UAB \u201eKristoma\u201c \u2013 tai profesionali negabaritini\u0173 ir sunkiasvori\u0173 krovini\u0173 perve\u017eimo \u012fmon\u0117, veikianti Lietuvoje ir tarptautin\u0117se rinkose. Bendrov\u0117 specializuojasi sud\u0117ting\u0173 logistikos sprendim\u0173 \u012fgyvendinime, u\u017etikrindama saug\u0173, tiksl\u0173 ir laiku atliekam\u0105 krovini\u0173 gabenim\u0105. Ilgamet\u0117 patirtis, modernus transporto parkas ir auk\u0161tos kvalifikacijos specialist\u0173 komanda leid\u017eia patikimai vykdyti individualius, nestandartinius perve\u017eimus, atitinkan\u010dius auk\u0161\u010diausius kokyb\u0117s ir saugumo reikalavimus.","protected":false},"author":1,"featured_media":0,"parent":0,"menu_order":0,"comment_status":"closed","ping_status":"closed","template":"","meta":{"footnotes":""},"class_list":["post-408","page","type-page","status-publish","hentry"],"yoast_head":"<!-- This site is optimized with the Yoast SEO plugin v26.7 - https:\/\/yoast.com\/wordpress\/plugins\/seo\/ -->\n<title>Kandidatams - Baltic Recruitment Alliance<\/title>\n<meta name=\"robots\" content=\"index, follow, max-snippet:-1, max-image-preview:large, max-video-preview:-1\" \/>\n<link rel=\"canonical\" href=\"https:\/\/bralliance.eu\/lt\/kandidatams\/\" \/>\n<meta property=\"og:locale\" content=\"lt_LT\" \/>\n<meta property=\"og:type\" content=\"article\" \/>\n<meta property=\"og:title\" content=\"Kandidatams - Baltic Recruitment Alliance\" \/>\n<meta property=\"og:url\" content=\"https:\/\/bralliance.eu\/lt\/kandidatams\/\" \/>\n<meta property=\"og:site_name\" content=\"Baltic Recruitment Alliance\" \/>\n<meta property=\"article:modified_time\" content=\"2026-01-12T20:32:51+00:00\" \/>\n<meta name=\"twitter:card\" content=\"summary_large_image\" \/>\n<meta name=\"twitter:label1\" content=\"Est. reading time\" \/>\n\t<meta name=\"twitter:data1\" content=\"4 minut\u0117s\" \/>\n<script type=\"application\/ld+json\" class=\"yoast-schema-graph\">{\"@context\":\"https:\/\/schema.org\",\"@graph\":[{\"@type\":\"WebPage\",\"@id\":\"https:\/\/bralliance.eu\/kandidatams\/\",\"url\":\"https:\/\/bralliance.eu\/kandidatams\/\",\"name\":\"Kandidatams - Baltic Recruitment Alliance\",\"isPartOf\":{\"@id\":\"https:\/\/bralliance.eu\/#website\"},\"datePublished\":\"2016-01-07T09:31:53+00:00\",\"dateModified\":\"2026-01-12T20:32:51+00:00\",\"breadcrumb\":{\"@id\":\"https:\/\/bralliance.eu\/kandidatams\/#breadcrumb\"},\"inLanguage\":\"lt-LT\",\"potentialAction\":[{\"@type\":\"ReadAction\",\"target\":[\"https:\/\/bralliance.eu\/kandidatams\/\"]}]},{\"@type\":\"BreadcrumbList\",\"@id\":\"https:\/\/bralliance.eu\/kandidatams\/#breadcrumb\",\"itemListElement\":[{\"@type\":\"ListItem\",\"position\":1,\"name\":\"Home\",\"item\":\"https:\/\/bralliance.eu\/\"},{\"@type\":\"ListItem\",\"position\":2,\"name\":\"Kandidatams\"}]},{\"@type\":\"WebSite\",\"@id\":\"https:\/\/bralliance.eu\/#website\",\"url\":\"https:\/\/bralliance.eu\/\",\"name\":\"Baltic Recruitment Alliance\",\"description\":\"\",\"potentialAction\":[{\"@type\":\"SearchAction\",\"target\":{\"@type\":\"EntryPoint\",\"urlTemplate\":\"https:\/\/bralliance.eu\/?s={search_term_string}\"},\"query-input\":{\"@type\":\"PropertyValueSpecification\",\"valueRequired\":true,\"valueName\":\"search_term_string\"}}],\"inLanguage\":\"lt-LT\"}]}<\/script>\n<!-- \/ Yoast SEO plugin. -->","yoast_head_json":{"title":"Kandidatams - Baltic Recruitment Alliance","robots":{"index":"index","follow":"follow","max-snippet":"max-snippet:-1","max-image-preview":"max-image-preview:large","max-video-preview":"max-video-preview:-1"},"canonical":"https:\/\/bralliance.eu\/lt\/kandidatams\/","og_locale":"lt_LT","og_type":"article","og_title":"Kandidatams - Baltic Recruitment Alliance","og_url":"https:\/\/bralliance.eu\/lt\/kandidatams\/","og_site_name":"Baltic Recruitment Alliance","article_modified_time":"2026-01-12T20:32:51+00:00","twitter_card":"summary_large_image","twitter_misc":{"Est. reading time":"4 minut\u0117s"},"schema":{"@context":"https:\/\/schema.org","@graph":[{"@type":"WebPage","@id":"https:\/\/bralliance.eu\/kandidatams\/","url":"https:\/\/bralliance.eu\/kandidatams\/","name":"Kandidatams - Baltic Recruitment Alliance","isPartOf":{"@id":"https:\/\/bralliance.eu\/#website"},"datePublished":"2016-01-07T09:31:53+00:00","dateModified":"2026-01-12T20:32:51+00:00","breadcrumb":{"@id":"https:\/\/bralliance.eu\/kandidatams\/#breadcrumb"},"inLanguage":"lt-LT","potentialAction":[{"@type":"ReadAction","target":["https:\/\/bralliance.eu\/kandidatams\/"]}]},{"@type":"BreadcrumbList","@id":"https:\/\/bralliance.eu\/kandidatams\/#breadcrumb","itemListElement":[{"@type":"ListItem","position":1,"name":"Home","item":"https:\/\/bralliance.eu\/"},{"@type":"ListItem","position":2,"name":"Kandidatams"}]},{"@type":"WebSite","@id":"https:\/\/bralliance.eu\/#website","url":"https:\/\/bralliance.eu\/","name":"Baltic Recruitment Alliance","description":"","potentialAction":[{"@type":"SearchAction","target":{"@type":"EntryPoint","urlTemplate":"https:\/\/bralliance.eu\/?s={search_term_string}"},"query-input":{"@type":"PropertyValueSpecification","valueRequired":true,"valueName":"search_term_string"}}],"inLanguage":"lt-LT"}]}},"_hostinger_reach_plugin_has_subscription_block":false,"_hostinger_reach_plugin_is_elementor":false,"_links":{"self":[{"href":"https:\/\/bralliance.eu\/lt\/wp-json\/wp\/v2\/pages\/408","targetHints":{"allow":["GET"]}}],"collection":[{"href":"https:\/\/bralliance.eu\/lt\/wp-json\/wp\/v2\/pages"}],"about":[{"href":"https:\/\/bralliance.eu\/lt\/wp-json\/wp\/v2\/types\/page"}],"author":[{"embeddable":true,"href":"https:\/\/bralliance.eu\/lt\/wp-json\/wp\/v2\/users\/1"}],"replies":[{"embeddable":true,"href":"https:\/\/bralliance.eu\/lt\/wp-json\/wp\/v2\/comments?post=408"}],"version-history":[{"count":11,"href":"https:\/\/bralliance.eu\/lt\/wp-json\/wp\/v2\/pages\/408\/revisions"}],"predecessor-version":[{"id":7403,"href":"https:\/\/bralliance.eu\/lt\/wp-json\/wp\/v2\/pages\/408\/revisions\/7403"}],"wp:attachment":[{"href":"https:\/\/bralliance.eu\/lt\/wp-json\/wp\/v2\/media?parent=408"}],"curies":[{"name":"wp","href":"https:\/\/api.w.org\/{rel}","templated":true}]}}