{"id":1483,"date":"2017-02-09T14:13:33","date_gmt":"2017-02-09T14:13:33","guid":{"rendered":"http:\/\/consult.loc\/?page_id=1483"},"modified":"2026-05-03T06:56:54","modified_gmt":"2026-05-03T06:56:54","slug":"kontaktai","status":"publish","type":"page","link":"https:\/\/bralliance.eu\/lt\/kontaktai\/","title":{"rendered":"Kontaktai"},"content":{"rendered":"<div class=\"wpb-content-wrapper\"><div class=\"vc_row wpb_row vc_row-fluid vc_row-o-full-height vc_row-o-columns-top vc_row-o-equal-height vc_row-flex\"><div class=\"wpb_column vc_column_container vc_col-sm-12 vc_col-lg-8\"><div class=\"vc_column-inner vc_custom_1485439524000\"><div class=\"wpb_wrapper\"><div class=\"vc_custom_heading vc_custom_1767980156333 text_align_left\" ><h2 style=\"text-align: left\" class=\"consulting-custom-title\">Kontaktin\u0117 informacija<\/h2><\/div>\n\t<div class=\"wpb_text_column wpb_content_element vc_custom_1768152004685\" >\n\t\t<div class=\"wpb_wrapper\">\n\t\t\t<p>Jeigu turite klausim\u0173, norite gauti papildomos informacijos ar susisiekti su atsakingais asmenimis, kvie\u010diame kreiptis Jums patogiausiu b\u016bdu. M\u016bs\u0173 komanda pasirengusi suteikti profesionali\u0105 ir operatyvi\u0105 pagalb\u0105.<\/p>\n\n\t\t<\/div>\n\t<\/div>\n<div class=\"vc_custom_heading border_base_color vc_custom_1767980232048 text_align_left title_no_stripe\" ><h3 style=\"font-size: 20px;color: #222222;line-height: 45px;text-align: left\" class=\"consulting-custom-title\">Klient\u0173 u\u017eklausoms<\/h3><\/div><div class=\"vc_row wpb_row vc_inner vc_row-fluid\"><div class=\"wpb_column vc_column_container vc_col-sm-6\"><div class=\"vc_column-inner vc_custom_1485495966997\"><div class=\"wpb_wrapper\">\n\t<div class=\"wpb_text_column wpb_content_element vc_custom_1768152220950\" >\n\t\t<div class=\"wpb_wrapper\">\n\t\t\t<p><strong data-start=\"348\" data-end=\"394\">Turite klausim\u0173 ar norite gauti individual\u0173 pasi\u016blym\u0105?<\/strong><\/p>\n<p><br data-start=\"394\" data-end=\"397\">Susisiekite su mumis Jums patogiausiu b\u016bdu. Atsakome greitai, ai\u0161kiai ir profesionaliai, siekdami pasi\u016blyti sprendimus, geriausiai atitinkan\u010dius J\u016bs\u0173 verslo poreikius.<\/p>\n\n\t\t<\/div>\n\t<\/div>\n<\/div><\/div><\/div><div class=\"wpb_column vc_column_container vc_col-sm-6\"><div class=\"vc_column-inner vc_custom_1485495976629\"><div class=\"wpb_wrapper\">\n<div class=\"stm_contacts_widget  style_4\">\n    \n    \n    \n        <ul>\n                                        <li>\n                    <div class=\"icon\"><i class=\"fa fa-phone\"><\/i><\/div>\n                    <div class=\"text\">\n                        +370 678 88814                                            <\/div>\n                <\/li>\n                                                    <li>\n                    <div class=\"icon\"><i class=\"fa fa-envelope\"><\/i><\/div>\n                    <div class=\"text\"><a href=\"mailto:i&#110;&#102;&#111;&#64;bral&#108;&#105;&#97;n&#99;&#101;.e&#117;\">inf&#111;&#64;&#98;ra&#108;l&#105;ance&#46;eu<\/a><\/div>\n                <\/li>\n                                        <li>\n                    <div class=\"icon\"><i class=\"fa fa-clock-o\" aria-hidden=\"true\"><\/i><\/div>\n                    <div class=\"text\">Pirmadienis - \u0160e\u0161tadienis: 8:00 \u2013 17:00<br \/>\nSekmadienis: Nedirbame<\/div>\n                <\/li>\n                    <\/ul>\n        \n    \n<\/div><\/div><\/div><\/div><\/div><div class=\"vc_row wpb_row vc_inner vc_row-fluid vc_custom_1485437972924\"><div class=\"wpb_column vc_column_container vc_col-sm-6\"><div class=\"vc_column-inner vc_custom_1485495781846\"><div class=\"wpb_wrapper\"><div class=\"vc_custom_heading border_base_color vc_custom_1767980291251 text_align_left title_no_stripe\" ><h3 style=\"font-size: 20px;color: #222222;line-height: 45px;text-align: left\" class=\"consulting-custom-title\">Kandidat\u0173 u\u017eklausoms<\/h3><\/div>\n\t<div class=\"wpb_text_column wpb_content_element vc_custom_1768152242442\" >\n\t\t<div class=\"wpb_wrapper\">\n\t\t\t<p>Jeigu domit\u0117s karjeros galimyb\u0117mis, atviromis pozicijomis arba norite pateikti savo gyvenimo apra\u0161ym\u0105, laukiame J\u016bs\u0173 kreipimosi.<\/p>\n\n\t\t<\/div>\n\t<\/div>\n    <div class=\"stm_contact_two clearfix\">\n                <div class=\"stm_contact_info\">\n            <h5 class=\"no_stripe\">Dovydas L<\/h5>\n                            <div class=\"stm_contact_job\">Personalo atrankos konsultantas<\/div>\n                                        <div class=\"stm_contact_row\"><i class=\"fa fa-phone\"><\/i> +370 678 88814                    <br\/><\/div>\n                                        <div class=\"stm_contact_row\"><i class=\"fa fa-envelope\"><\/i> <a\n                        href=\"mailto:c&#118;&#64;&#98;rallian&#99;&#101;&#46;&#101;u\">c&#118;&#64;&#98;&#114;a&#108;lian&#99;&#101;&#46;&#101;&#117;<\/a>\n                <\/div>\n                                <\/div>\n    <\/div>\n<\/div><\/div><\/div><div class=\"wpb_column vc_column_container vc_col-sm-6\"><div class=\"vc_column-inner vc_custom_1485495786512\"><div class=\"wpb_wrapper\"><div class=\"vc_custom_heading border_base_color vc_custom_1767980320634 text_align_left title_no_stripe\" ><h3 style=\"font-size: 20px;color: #222222;line-height: 45px;text-align: left\" class=\"consulting-custom-title\">\u017diniasklaidos atstovams<\/h3><\/div>\n\t<div class=\"wpb_text_column wpb_content_element vc_custom_1768152256827\" >\n\t\t<div class=\"wpb_wrapper\">\n\t\t\t<p data-start=\"1152\" data-end=\"1313\">D\u0117l komentar\u0173, interviu, oficialios informacijos, prane\u0161im\u0173 spaudai ar kit\u0173 komunikacijos klausim\u0173 kvie\u010diame susisiekti tiesiogiai.<\/p>\n\n\t\t<\/div>\n\t<\/div>\n    <div class=\"stm_contact_two clearfix\">\n                <div class=\"stm_contact_info\">\n            <h5 class=\"no_stripe\">Rimant\u0117 \u017d<\/h5>\n                            <div class=\"stm_contact_job\">Atstov\u0117 \u017einiasklaidai<\/div>\n                                                    <div class=\"stm_contact_row\"><i class=\"fa fa-envelope\"><\/i> <a\n                        href=\"mailto:rim&#97;&#110;te&#64;br&#97;&#108;l&#105;&#97;n&#99;&#101;&#46;eu\">&#114;ima&#110;&#116;&#101;&#64;br&#97;l&#108;ian&#99;&#101;.e&#117;<\/a>\n                <\/div>\n                                <\/div>\n    <\/div>\n<\/div><\/div><\/div><\/div><\/div><\/div><\/div><div class=\"form_full-right_width wpb_column vc_column_container vc_col-sm-12 vc_col-lg-4 vc_col-has-fill\"><div class=\"vc_column-inner vc_custom_1549473160287\"><div class=\"wpb_wrapper\"><div class=\"vc_custom_heading text_align_left\" ><h4 style=\"text-align: left\" class=\"consulting-custom-title\">Susisiekime!<\/h4><\/div>\n<div class=\"wpcf7 no-js\" id=\"wpcf7-f1477-o1\" lang=\"en-US\" dir=\"ltr\" data-wpcf7-id=\"1477\">\n<div class=\"screen-reader-response\"><p role=\"status\" aria-live=\"polite\" aria-atomic=\"true\"><\/p> <ul><\/ul><\/div>\n<form action=\"\/lt\/wp-json\/wp\/v2\/pages\/1483#wpcf7-f1477-o1\" method=\"post\" class=\"wpcf7-form init\" aria-label=\"Contact form\" novalidate=\"novalidate\" data-status=\"init\" data-trp-original-action=\"\/lt\/wp-json\/wp\/v2\/pages\/1483#wpcf7-f1477-o1\">\n<fieldset class=\"hidden-fields-container\"><input type=\"hidden\" name=\"_wpcf7\" value=\"1477\" \/><input type=\"hidden\" name=\"_wpcf7_version\" value=\"6.1.4\" \/><input type=\"hidden\" name=\"_wpcf7_locale\" value=\"en_US\" \/><input type=\"hidden\" name=\"_wpcf7_unit_tag\" value=\"wpcf7-f1477-o1\" \/><input type=\"hidden\" name=\"_wpcf7_container_post\" value=\"0\" \/><input type=\"hidden\" name=\"_wpcf7_posted_data_hash\" value=\"\" \/>\n<\/fieldset>\n<div class=\"request_callback\">\n    <div class=\"input-group\">\n        <span class=\"wpcf7-form-control-wrap\" data-name=\"message\"><textarea cols=\"40\" rows=\"10\" maxlength=\"2000\" class=\"wpcf7-form-control wpcf7-textarea wpcf7-validates-as-required height147\" aria-required=\"true\" aria-invalid=\"false\" placeholder=\"J\u016bs\u0173 prane\u0161imas *\" name=\"message\"><\/textarea><\/span>\n    <\/div>\n    <div class=\"input-group\">\n        <span class=\"wpcf7-form-control-wrap\" data-name=\"text-name\"><input size=\"40\" maxlength=\"400\" class=\"wpcf7-form-control wpcf7-text wpcf7-validates-as-required\" aria-required=\"true\" aria-invalid=\"false\" placeholder=\"J\u016bs\u0173 vardas *\" value=\"\" type=\"text\" name=\"text-name\" \/><\/span>\n    <\/div>\n    <div class=\"input-group\">\n        <span class=\"wpcf7-form-control-wrap\" data-name=\"email\"><input size=\"40\" maxlength=\"400\" class=\"wpcf7-form-control wpcf7-email wpcf7-validates-as-required wpcf7-text wpcf7-validates-as-email\" aria-required=\"true\" aria-invalid=\"false\" placeholder=\"El. pa\u0161tas *\" value=\"\" type=\"email\" name=\"email\" \/><\/span>\n    <\/div>\n <div class=\"input-group\">\n<span class=\"wpcf7-form-control-wrap\" data-name=\"tel-183\"><input size=\"40\" maxlength=\"400\" class=\"wpcf7-form-control wpcf7-tel wpcf7-validates-as-required wpcf7-text wpcf7-validates-as-tel\" aria-required=\"true\" aria-invalid=\"false\" placeholder=\"Telefono numeris *\" value=\"\" type=\"tel\" name=\"tel-183\" \/><\/span>\n  <\/div>\n    <div class=\"input-group\">\n        <button type=\"submit\" class=\"button size-lg icon_right\">Susisiekti <i class=\"fa fa-chevron-right\"><\/i><\/button>\n    <\/div>\n<\/div><div class=\"wpcf7-response-output\" aria-hidden=\"true\"><\/div>\n<input type=\"hidden\" name=\"trp-form-language\" value=\"lt\"\/><\/form>\n<\/div>\n<\/div><\/div><\/div><\/div>\n<\/div>","protected":false},"excerpt":{"rendered":"Kontaktin\u0117 informacija Jeigu turite klausim\u0173, norite gauti papildomos informacijos ar susisiekti su atsakingais asmenimis, kvie\u010diame kreiptis Jums patogiausiu b\u016bdu. M\u016bs\u0173 komanda pasirengusi suteikti profesionali\u0105 ir operatyvi\u0105 pagalb\u0105. Klient\u0173 u\u017eklausoms Turite klausim\u0173 ar norite gauti individual\u0173 pasi\u016blym\u0105? Susisiekite su mumis Jums patogiausiu b\u016bdu. Atsakome greitai, ai\u0161kiai ir profesionaliai, siekdami pasi\u016blyti sprendimus, geriausiai atitinkan\u010dius J\u016bs\u0173 verslo poreikius.","protected":false},"author":1,"featured_media":0,"parent":0,"menu_order":0,"comment_status":"closed","ping_status":"closed","template":"","meta":{"footnotes":""},"class_list":["post-1483","page","type-page","status-publish","hentry"],"yoast_head":"<!-- This site is optimized with the Yoast SEO plugin v26.7 - https:\/\/yoast.com\/wordpress\/plugins\/seo\/ -->\n<title>Kontaktai - Baltic Recruitment Alliance<\/title>\n<meta name=\"robots\" content=\"index, follow, max-snippet:-1, max-image-preview:large, max-video-preview:-1\" \/>\n<link rel=\"canonical\" href=\"https:\/\/bralliance.eu\/lt\/kontaktai\/\" \/>\n<meta property=\"og:locale\" content=\"lt_LT\" \/>\n<meta property=\"og:type\" content=\"article\" \/>\n<meta property=\"og:title\" content=\"Kontaktai - Baltic Recruitment Alliance\" \/>\n<meta property=\"og:url\" content=\"https:\/\/bralliance.eu\/lt\/kontaktai\/\" \/>\n<meta property=\"og:site_name\" content=\"Baltic Recruitment Alliance\" \/>\n<meta property=\"article:modified_time\" content=\"2026-05-03T06:56:54+00:00\" \/>\n<meta name=\"twitter:card\" content=\"summary_large_image\" \/>\n<meta name=\"twitter:label1\" content=\"Est. reading time\" \/>\n\t<meta name=\"twitter:data1\" content=\"3 minut\u0117s\" \/>\n<script type=\"application\/ld+json\" class=\"yoast-schema-graph\">{\"@context\":\"https:\/\/schema.org\",\"@graph\":[{\"@type\":\"WebPage\",\"@id\":\"https:\/\/bralliance.eu\/kontaktai\/\",\"url\":\"https:\/\/bralliance.eu\/kontaktai\/\",\"name\":\"Kontaktai - Baltic Recruitment Alliance\",\"isPartOf\":{\"@id\":\"https:\/\/bralliance.eu\/#website\"},\"datePublished\":\"2017-02-09T14:13:33+00:00\",\"dateModified\":\"2026-05-03T06:56:54+00:00\",\"breadcrumb\":{\"@id\":\"https:\/\/bralliance.eu\/kontaktai\/#breadcrumb\"},\"inLanguage\":\"lt-LT\",\"potentialAction\":[{\"@type\":\"ReadAction\",\"target\":[\"https:\/\/bralliance.eu\/kontaktai\/\"]}]},{\"@type\":\"BreadcrumbList\",\"@id\":\"https:\/\/bralliance.eu\/kontaktai\/#breadcrumb\",\"itemListElement\":[{\"@type\":\"ListItem\",\"position\":1,\"name\":\"Home\",\"item\":\"https:\/\/bralliance.eu\/\"},{\"@type\":\"ListItem\",\"position\":2,\"name\":\"Kontaktai\"}]},{\"@type\":\"WebSite\",\"@id\":\"https:\/\/bralliance.eu\/#website\",\"url\":\"https:\/\/bralliance.eu\/\",\"name\":\"Baltic Recruitment Alliance\",\"description\":\"\",\"potentialAction\":[{\"@type\":\"SearchAction\",\"target\":{\"@type\":\"EntryPoint\",\"urlTemplate\":\"https:\/\/bralliance.eu\/?s={search_term_string}\"},\"query-input\":{\"@type\":\"PropertyValueSpecification\",\"valueRequired\":true,\"valueName\":\"search_term_string\"}}],\"inLanguage\":\"lt-LT\"}]}<\/script>\n<!-- \/ Yoast SEO plugin. -->","yoast_head_json":{"title":"Kontaktai - Baltic Recruitment Alliance","robots":{"index":"index","follow":"follow","max-snippet":"max-snippet:-1","max-image-preview":"max-image-preview:large","max-video-preview":"max-video-preview:-1"},"canonical":"https:\/\/bralliance.eu\/lt\/kontaktai\/","og_locale":"lt_LT","og_type":"article","og_title":"Kontaktai - Baltic Recruitment Alliance","og_url":"https:\/\/bralliance.eu\/lt\/kontaktai\/","og_site_name":"Baltic Recruitment Alliance","article_modified_time":"2026-05-03T06:56:54+00:00","twitter_card":"summary_large_image","twitter_misc":{"Est. reading time":"3 minut\u0117s"},"schema":{"@context":"https:\/\/schema.org","@graph":[{"@type":"WebPage","@id":"https:\/\/bralliance.eu\/kontaktai\/","url":"https:\/\/bralliance.eu\/kontaktai\/","name":"Kontaktai - Baltic Recruitment Alliance","isPartOf":{"@id":"https:\/\/bralliance.eu\/#website"},"datePublished":"2017-02-09T14:13:33+00:00","dateModified":"2026-05-03T06:56:54+00:00","breadcrumb":{"@id":"https:\/\/bralliance.eu\/kontaktai\/#breadcrumb"},"inLanguage":"lt-LT","potentialAction":[{"@type":"ReadAction","target":["https:\/\/bralliance.eu\/kontaktai\/"]}]},{"@type":"BreadcrumbList","@id":"https:\/\/bralliance.eu\/kontaktai\/#breadcrumb","itemListElement":[{"@type":"ListItem","position":1,"name":"Home","item":"https:\/\/bralliance.eu\/"},{"@type":"ListItem","position":2,"name":"Kontaktai"}]},{"@type":"WebSite","@id":"https:\/\/bralliance.eu\/#website","url":"https:\/\/bralliance.eu\/","name":"Baltic Recruitment Alliance","description":"","potentialAction":[{"@type":"SearchAction","target":{"@type":"EntryPoint","urlTemplate":"https:\/\/bralliance.eu\/?s={search_term_string}"},"query-input":{"@type":"PropertyValueSpecification","valueRequired":true,"valueName":"search_term_string"}}],"inLanguage":"lt-LT"}]}},"_hostinger_reach_plugin_has_subscription_block":false,"_hostinger_reach_plugin_is_elementor":false,"_links":{"self":[{"href":"https:\/\/bralliance.eu\/lt\/wp-json\/wp\/v2\/pages\/1483","targetHints":{"allow":["GET"]}}],"collection":[{"href":"https:\/\/bralliance.eu\/lt\/wp-json\/wp\/v2\/pages"}],"about":[{"href":"https:\/\/bralliance.eu\/lt\/wp-json\/wp\/v2\/types\/page"}],"author":[{"embeddable":true,"href":"https:\/\/bralliance.eu\/lt\/wp-json\/wp\/v2\/users\/1"}],"replies":[{"embeddable":true,"href":"https:\/\/bralliance.eu\/lt\/wp-json\/wp\/v2\/comments?post=1483"}],"version-history":[{"count":4,"href":"https:\/\/bralliance.eu\/lt\/wp-json\/wp\/v2\/pages\/1483\/revisions"}],"predecessor-version":[{"id":7420,"href":"https:\/\/bralliance.eu\/lt\/wp-json\/wp\/v2\/pages\/1483\/revisions\/7420"}],"wp:attachment":[{"href":"https:\/\/bralliance.eu\/lt\/wp-json\/wp\/v2\/media?parent=1483"}],"curies":[{"name":"wp","href":"https:\/\/api.w.org\/{rel}","templated":true}]}}